{"id":3800,"date":"2018-01-09T11:32:43","date_gmt":"2018-01-09T11:32:43","guid":{"rendered":"https:\/\/pandorafms.com\/library\/?page_id=3800"},"modified":"2018-01-09T11:32:43","modified_gmt":"2018-01-09T11:32:43","slug":"ayuda","status":"publish","type":"page","link":"https:\/\/pandorafms.com\/library\/ayuda\/","title":{"rendered":"Ayuda"},"content":{"rendered":"<p>[et_pb_section bb_built=&#8221;1&#8243; fullwidth=&#8221;on&#8221; specialty=&#8221;off&#8221;][et_pb_fullwidth_slider _builder_version=&#8221;3.0.91&#8243; show_arrows=&#8221;on&#8221; show_pagination=&#8221;on&#8221; background_image=&#8221;https:\/\/pandorafms.com\/library\/wp-content\/uploads\/2017\/12\/banner-libreria-modulos.jpg&#8221; show_inner_shadow=&#8221;on&#8221; custom_button=&#8221;off&#8221; button_icon_placement=&#8221;right&#8221; show_content_on_mobile=&#8221;on&#8221; show_cta_on_mobile=&#8221;on&#8221; show_image_video_mobile=&#8221;off&#8221;]<\/p>\n<p>[et_pb_slide _builder_version=&#8221;3.0.91&#8243; heading=&#8221;AYUDA&#8221; use_background_color_gradient=&#8221;off&#8221; background_color_gradient_start=&#8221;#2b87da&#8221; background_color_gradient_end=&#8221;#29c4a9&#8243; background_color_gradient_type=&#8221;linear&#8221; background_color_gradient_direction=&#8221;180deg&#8221; background_color_gradient_direction_radial=&#8221;center&#8221; background_color_gradient_start_position=&#8221;0%&#8221; background_color_gradient_end_position=&#8221;100%&#8221; background_color_gradient_overlays_image=&#8221;off&#8221; parallax=&#8221;off&#8221; parallax_method=&#8221;on&#8221; background_size=&#8221;cover&#8221; background_position=&#8221;center&#8221; background_repeat=&#8221;no-repeat&#8221; background_blend=&#8221;normal&#8221; allow_player_pause=&#8221;off&#8221; use_bg_overlay=&#8221;off&#8221; use_text_overlay=&#8221;off&#8221; text_border_radius=&#8221;3&#8243; alignment=&#8221;center&#8221; child_filter_hue_rotate=&#8221;0deg&#8221; child_filter_saturate=&#8221;100%&#8221; child_filter_brightness=&#8221;100%&#8221; child_filter_contrast=&#8221;100%&#8221; child_filter_invert=&#8221;0%&#8221; child_filter_sepia=&#8221;0%&#8221; child_filter_opacity=&#8221;100%&#8221; child_filter_blur=&#8221;0px&#8221; child_mix_blend_mode=&#8221;normal&#8221; background_layout=&#8221;dark&#8221; \/]<\/p>\n<p>[\/et_pb_fullwidth_slider][\/et_pb_section][et_pb_section bb_built=&#8221;1&#8243; fullwidth=&#8221;off&#8221; specialty=&#8221;on&#8221; template_type=&#8221;&#8221;][et_pb_column type=&#8221;3_4&#8243; specialty_columns=&#8221;3&#8243;][et_pb_row_inner admin_label=&#8221;Row&#8221;][et_pb_column_inner type=&#8221;4_4&#8243; saved_specialty_column_type=&#8221;3_4&#8243;][et_pb_text _builder_version=&#8221;3.0.91&#8243; background_layout=&#8221;light&#8221;]<\/p>\n<h2>C\u00f3mo subir un m\u00f3dulo<\/h2>\n<ul>\n<li>En el campo &#8220;Name&#8221; debemos introducir el nombre del m\u00f3dulo o plugin. Debe ser lo m\u00e1s concreto y descriptivo posible para que resulte f\u00e1cil de encontrar.<\/li>\n<li>En el campo &#8220;Description&#8221; a\u00f1adiremos la informaci\u00f3n necesaria referente al m\u00f3dulo\/plugin. Podemos utilizar el editor de texto (html) o bien el editor visual. Se pueden a\u00f1adir im\u00e1genes, enlaces y trozos de c\u00f3digo.<\/li>\n<\/ul>\n<p><img decoding=\"async\" loading=\"lazy\" class=\"help-img aligncenter size-full wp-image-2644\" src=\"https:\/\/pandorafms.com\/library\/wp-content\/uploads\/2017\/12\/name2.png\" alt=\"module name\" width=\"1092\" height=\"743\" srcset=\"https:\/\/pandorafms.com\/library\/wp-content\/uploads\/2017\/12\/name2.png 1092w, https:\/\/pandorafms.com\/library\/wp-content\/uploads\/2017\/12\/name2-300x204.png 300w, https:\/\/pandorafms.com\/library\/wp-content\/uploads\/2017\/12\/name2-768x523.png 768w, https:\/\/pandorafms.com\/library\/wp-content\/uploads\/2017\/12\/name2-1024x697.png 1024w, https:\/\/pandorafms.com\/library\/wp-content\/uploads\/2017\/12\/name2-1080x735.png 1080w\" sizes=\"(max-width: 1092px) 100vw, 1092px\" \/><\/p>\n<ul>\n<li>Los trozos de c\u00f3digo deben estar en texto preformateado o si lo a\u00f1adimos en el editor de texto debemos meterlos dentro de la etiqueta &lt;pre&gt;&lt;\/pre&gt;<\/li>\n<li>Los t\u00edtulos, deben tener formato Heading 2, o en el editor de texto dentro de la etiqueta &lt;h2&gt;&lt;\/h2&gt;<\/li>\n<\/ul>\n<p><img decoding=\"async\" loading=\"lazy\" class=\"help-img aligncenter size-full wp-image-2644\" src=\"https:\/\/pandorafms.com\/library\/wp-content\/uploads\/2017\/12\/heading2.png\" alt=\"heading\" width=\"1092\" height=\"743\"><\/p>\n<ul>\n<li>Al a\u00f1adir trozos de c\u00f3digo, es importante asegurarse de que todos los caracteres se han copiado correctamente. En caso contrario, debemos ponerlos en formato &#8220;html entity&#8221;. Por ejemplo, existe un problema a la hora de insertar la barra de windows &#8221; \\ &#8220;, as\u00ed que deberemos poner &#8220;&amp; bsol&#8221; (sin el espacio). Puedes encontrar m\u00e1s informaci\u00f3n sobre este tipo de incompatibilidades y su resoluci\u00f3n en el siguiente enlace: https:\/\/dev.w3.org\/html5\/html-author\/charref<\/li>\n<li>Al copiar trozos de c\u00f3digo que vayan dentro de la etiqueta &lt; &gt; es recomendable pegarlos directamente en el editor visual o bien poner &#8220;&amp; lt;&#8221; y &#8220;&amp; gt;&#8221; (sin los espacios), en caso contrario puede dar errores.<\/li>\n<li>Puedes a\u00f1adir todos los &#8220;Tags&#8221; que consideres, separ\u00e1ndolos con comas.<\/li>\n<li>Para seleccionar varias categor\u00edas, mantener pulsada la tecla Ctrl+click.<\/li>\n<\/ul>\n<p><img decoding=\"async\" loading=\"lazy\" class=\"help-img aligncenter size-full wp-image-2644\" src=\"https:\/\/pandorafms.com\/library\/wp-content\/uploads\/2017\/12\/categories.png\" alt=\"categories\" width=\"1092\" height=\"743\"><\/p>\n<h2>C\u00f3mo a\u00f1adir un archivo al m\u00f3dulo<\/h2>\n<p>Para adjuntar un fichero al m\u00f3dulo (tanto archivos como im\u00e1genes), hacemos click en el bot\u00f3n &#8220;Add media&#8221;, y arrastramos o seleccionamos el archivo que queremos adjuntar. Una vez a\u00f1adido el archivo al editor, lo pondremos a continuaci\u00f3n de la descripci\u00f3n y con el t\u00edtulo &#8220;Files:&#8221; con formato &#8220;Heading 2&#8221; o dentro de la etiqueta &lt;h2&gt;Files:&lt;\/h2&gt;<\/p>\n<p><img decoding=\"async\" class=\"help-img aligncenter\" src=\"https:\/\/pandorafms.com\/library\/wp-content\/uploads\/2017\/12\/upload-file.png\" alt=\"upload file\"><\/p>\n<p><img decoding=\"async\" loading=\"lazy\" class=\"help-img aligncenter size-full wp-image-3794\" src=\"https:\/\/pandorafms.com\/library\/wp-content\/uploads\/2017\/12\/anchor-text.png\" alt=\"\" width=\"1074\" height=\"722\" srcset=\"https:\/\/pandorafms.com\/library\/wp-content\/uploads\/2017\/12\/anchor-text.png 1074w, https:\/\/pandorafms.com\/library\/wp-content\/uploads\/2017\/12\/anchor-text-300x202.png 300w, https:\/\/pandorafms.com\/library\/wp-content\/uploads\/2017\/12\/anchor-text-768x516.png 768w, https:\/\/pandorafms.com\/library\/wp-content\/uploads\/2017\/12\/anchor-text-1024x688.png 1024w\" sizes=\"(max-width: 1074px) 100vw, 1074px\" \/><\/p>\n<h2>C\u00f3mo editar un m\u00f3dulo<\/h2>\n<p>Debemos ir al men\u00fa &#8220;View my modules&#8221;. All\u00ed encontraremos una tabla con 3 pesta\u00f1as: m\u00f3dulos publicados, pendientes y en borrador. Dentro de la pesta\u00f1a publicados, encontramos todos los m\u00f3dulos que hemos subido con las opciones de ver, editar o borrar.<\/p>\n<p><img decoding=\"async\" loading=\"lazy\" class=\"help-img aligncenter size-full wp-image-2644\" src=\"https:\/\/pandorafms.com\/library\/wp-content\/uploads\/2017\/12\/my-modules.png\" alt=\"my modules\" width=\"1092\" height=\"743\"><\/p>\n<h2>\u00bfPor qu\u00e9 no puedo ver algunos m\u00f3dulos?<\/h2>\n<p>Algunos de nuestros m\u00f3dulos son exclusivos para usuarios Enterprise de Pandora FMS y vienen se\u00f1alados con un icono verde. Es necesario loguearse con la cuenta de Pandora FMS para ver los enlaces de descarga.<\/p>\n<p><img decoding=\"async\" class=\"help-img aligncenter\" src=\"https:\/\/pandorafms.com\/library\/wp-content\/uploads\/2017\/12\/links-enterprise.png\" alt=\"links enterprise\"><\/p>\n<h2>Detalles est\u00e9ticos<\/h2>\n<ul>\n<li>Los archivos adjuntos, deben ir al final, a continuaci\u00f3n de la descripci\u00f3n y precedidos del t\u00edtulo &#8220;Files:&#8221; (con formato Heading 2 o dentro de la etiqueta &lt;h2&gt;&lt;\/h2&gt; en el editor de texto.<\/li>\n<li>Al a\u00f1adir un adjunto, en la parte del enlace que se muestra por pantalla (anchor text), poner el nombre del archivo con la extensi\u00f3n correspondiente para que quede m\u00e1s visual.<\/li>\n<li>Los trozos de c\u00f3digo deben ir siempre dentro de la etiqueta &lt;pre&gt;&lt;\/pre&gt; o con formato texto Preformateado.<\/li>\n<li>Las rutas (que no sean links) deben ir en cursiva, como por ejemplo: <em>\/usr\/bin\/perl<\/em><\/li>\n<li>Es importante seleccionar una o varias categor\u00edas y a\u00f1adir tags para facilitar la b\u00fasqueda de m\u00f3dulos dentro de la librer\u00eda.<\/li>\n<\/ul>\n<p>[\/et_pb_text][\/et_pb_column_inner][\/et_pb_row_inner][\/et_pb_column][et_pb_column type=&#8221;1_4&#8243;][et_pb_sidebar _builder_version=&#8221;3.0.91&#8243; area=&#8221;et_pb_widget_area_2&#8243; orientation=&#8221;right&#8221; show_border=&#8221;on&#8221; background_layout=&#8221;light&#8221; \/][\/et_pb_column][\/et_pb_section]<\/p>\n","protected":false},"excerpt":{"rendered":"<p>C\u00f3mo subir un m\u00f3dulo En el campo &#8220;Name&#8221; debemos introducir el nombre del m\u00f3dulo o plugin. Debe ser lo m\u00e1s concreto y descriptivo posible para que resulte f\u00e1cil de encontrar. En el campo &#8220;Description&#8221; a\u00f1adiremos la informaci\u00f3n necesaria referente al m\u00f3dulo\/plugin. Podemos utilizar el editor de texto (html) o bien el editor visual. Se pueden [&hellip;]<\/p>\n","protected":false},"author":4,"featured_media":0,"parent":0,"menu_order":0,"comment_status":"closed","ping_status":"closed","template":"","meta":{"_et_pb_use_builder":"on","_et_pb_old_content":"","_et_gb_content_width":"","footnotes":""},"_links":{"self":[{"href":"https:\/\/pandorafms.com\/library\/wp-json\/wp\/v2\/pages\/3800"}],"collection":[{"href":"https:\/\/pandorafms.com\/library\/wp-json\/wp\/v2\/pages"}],"about":[{"href":"https:\/\/pandorafms.com\/library\/wp-json\/wp\/v2\/types\/page"}],"author":[{"embeddable":true,"href":"https:\/\/pandorafms.com\/library\/wp-json\/wp\/v2\/users\/4"}],"replies":[{"embeddable":true,"href":"https:\/\/pandorafms.com\/library\/wp-json\/wp\/v2\/comments?post=3800"}],"version-history":[{"count":0,"href":"https:\/\/pandorafms.com\/library\/wp-json\/wp\/v2\/pages\/3800\/revisions"}],"wp:attachment":[{"href":"https:\/\/pandorafms.com\/library\/wp-json\/wp\/v2\/media?parent=3800"}],"curies":[{"name":"wp","href":"https:\/\/api.w.org\/{rel}","templated":true}]}}